{"id":3773,"date":"2017-02-26T22:50:10","date_gmt":"2017-02-26T22:50:10","guid":{"rendered":"https:\/\/www.ticdoc.net\/?page_id=3773"},"modified":"2025-09-13T16:01:14","modified_gmt":"2025-09-13T16:01:14","slug":"que-es-ticdoc","status":"publish","type":"page","link":"https:\/\/www.ticdoc.net\/es\/que-es-ticdoc\/","title":{"rendered":"\u00bfQu\u00e9 es TicDoc?"},"content":{"rendered":"\n<p>TicDoc, el blog personal de <strong>Enric Mestre i Ribera<\/strong>, vio la luz en 2012 con la misi\u00f3n de compartir no solo reflexiones, sino tambi\u00e9n noticias y manuales centrados en el \u00e1mbito de la tecnolog\u00eda y la Documentaci\u00f3n. Este espacio ofrece entradas que abordan una amplia variedad de temas, incluyendo documentaci\u00f3n, biblioteconom\u00eda, SEO, redes sociales, inteligencia artificial, ciberseguridad y tecnolog\u00eda en general. Desde entonces, TicDoc se ha convertido en un recurso que busca explorar y compartir conocimientos en el fascinante mundo de la intersecci\u00f3n entre la tecnolog\u00eda y la documentaci\u00f3n.<\/p>\n\n\n\n<p>Contribuir y mantener el blog no solo es una oportunidad para continuar mi formaci\u00f3n, sino tambi\u00e9n para reflejar mi pr\u00e1ctica como documentalista.<\/p>\n\n\n\n<p>Al tratarse de un blog personal, la responsabilidad de los contenidos es m\u00eda, incluyendo posibles errores de contenido, ortogr\u00e1ficos o gramaticales. Los textos est\u00e1n mayoritariamente tanto en lengua catalana como en castellana, aunque la mayor\u00eda son originales en catal\u00e1n y estos se traducen. Tambi\u00e9n puede haber alg\u00fan error en la traducci\u00f3n.<\/p>\n\n\n\n<p>Conf\u00edo en que los contenidos de TicDoc os sean provechosos.<\/p>\n\n\n\n<figure class=\"wp-block-image size-large\"><img loading=\"lazy\" decoding=\"async\" width=\"768\" height=\"1024\" src=\"https:\/\/www.ticdoc.net\/wp-content\/uploads\/2025\/09\/enric-mestre-ribera-ticdoc-768x1024.jpg\" alt=\"\" class=\"wp-image-3736\" srcset=\"https:\/\/www.ticdoc.net\/wp-content\/uploads\/2025\/09\/enric-mestre-ribera-ticdoc-768x1024.jpg 768w, https:\/\/www.ticdoc.net\/wp-content\/uploads\/2025\/09\/enric-mestre-ribera-ticdoc-225x300.jpg 225w, https:\/\/www.ticdoc.net\/wp-content\/uploads\/2025\/09\/enric-mestre-ribera-ticdoc-1152x1536.jpg 1152w, https:\/\/www.ticdoc.net\/wp-content\/uploads\/2025\/09\/enric-mestre-ribera-ticdoc-1536x2048.jpg 1536w, https:\/\/www.ticdoc.net\/wp-content\/uploads\/2025\/09\/enric-mestre-ribera-ticdoc-150x200.jpg 150w, https:\/\/www.ticdoc.net\/wp-content\/uploads\/2025\/09\/enric-mestre-ribera-ticdoc-435x580.jpg 435w, https:\/\/www.ticdoc.net\/wp-content\/uploads\/2025\/09\/enric-mestre-ribera-ticdoc-300x400.jpg 300w, https:\/\/www.ticdoc.net\/wp-content\/uploads\/2025\/09\/enric-mestre-ribera-ticdoc-525x700.jpg 525w, https:\/\/www.ticdoc.net\/wp-content\/uploads\/2025\/09\/enric-mestre-ribera-ticdoc-450x600.jpg 450w, https:\/\/www.ticdoc.net\/wp-content\/uploads\/2025\/09\/enric-mestre-ribera-ticdoc-750x1000.jpg 750w, https:\/\/www.ticdoc.net\/wp-content\/uploads\/2025\/09\/enric-mestre-ribera-ticdoc-375x500.jpg 375w, https:\/\/www.ticdoc.net\/wp-content\/uploads\/2025\/09\/enric-mestre-ribera-ticdoc-113x150.jpg 113w, https:\/\/www.ticdoc.net\/wp-content\/uploads\/2025\/09\/enric-mestre-ribera-ticdoc-161x215.jpg 161w, https:\/\/www.ticdoc.net\/wp-content\/uploads\/2025\/09\/enric-mestre-ribera-ticdoc-675x900.jpg 675w, https:\/\/www.ticdoc.net\/wp-content\/uploads\/2025\/09\/enric-mestre-ribera-ticdoc-338x450.jpg 338w, https:\/\/www.ticdoc.net\/wp-content\/uploads\/2025\/09\/enric-mestre-ribera-ticdoc-169x225.jpg 169w, https:\/\/www.ticdoc.net\/wp-content\/uploads\/2025\/09\/enric-mestre-ribera-ticdoc-334x445.jpg 334w, https:\/\/www.ticdoc.net\/wp-content\/uploads\/2025\/09\/enric-mestre-ribera-ticdoc-105x140.jpg 105w, https:\/\/www.ticdoc.net\/wp-content\/uploads\/2025\/09\/enric-mestre-ribera-ticdoc-503x670.jpg 503w, https:\/\/www.ticdoc.net\/wp-content\/uploads\/2025\/09\/enric-mestre-ribera-ticdoc-210x280.jpg 210w, https:\/\/www.ticdoc.net\/wp-content\/uploads\/2025\/09\/enric-mestre-ribera-ticdoc-154x205.jpg 154w, https:\/\/www.ticdoc.net\/wp-content\/uploads\/2025\/09\/enric-mestre-ribera-ticdoc-101x135.jpg 101w, https:\/\/www.ticdoc.net\/wp-content\/uploads\/2025\/09\/enric-mestre-ribera-ticdoc-173x230.jpg 173w, https:\/\/www.ticdoc.net\/wp-content\/uploads\/2025\/09\/enric-mestre-ribera-ticdoc-23x30.jpg 23w, https:\/\/www.ticdoc.net\/wp-content\/uploads\/2025\/09\/enric-mestre-ribera-ticdoc-45x60.jpg 45w, https:\/\/www.ticdoc.net\/wp-content\/uploads\/2025\/09\/enric-mestre-ribera-ticdoc-scaled.jpg 1920w\" sizes=\"auto, (max-width: 768px) 100vw, 768px\" \/><\/figure>\n\n\n\n<h2 class=\"wp-block-heading\">Sobre m\u00ed:<\/h2>\n\n\n\n<p>Enric Mestre Ribera<br>Bibliotecario Documentalista.<\/p>\n\n\n\n<p>Diplomado en Biblioteconom\u00eda y Documentaci\u00f3n por la Universidad de Barcelona (1999).<br>Colegio Oficial de Bibliotecarios-Documentalistas de Catalu\u00f1a con el n\u00famero 3.442.<\/p>\n\n\n\n<p>Posgrado en Social Media y Publicidad. Universidad Isabel I (2018 \u2013 2019).<\/p>\n\n\n\n<p>Con m\u00e1s de 20 a\u00f1os de experiencia en documentaci\u00f3n jur\u00eddica, ofrezco una amplia base de conocimientos en gesti\u00f3n de bibliotecas especializadas, administraci\u00f3n de p\u00e1ginas web y redes sociales. Mis habilidades abarcan \u00e1reas como web 2.0, dise\u00f1o web, SEO, gesti\u00f3n de blogs, Google Workspace y documentaci\u00f3n, inteligencia artificial, ciberseguridad, entre otras.<\/p>\n\n\n\n<p>Mi trayectoria profesional refleja una dedicaci\u00f3n constante a la evoluci\u00f3n y adaptaci\u00f3n a las nuevas tecnolog\u00edas y pr\u00e1cticas, destacando mi capacidad para abordar con \u00e9xito las complejidades de la documentaci\u00f3n, especialmente en el \u00e1mbito jur\u00eddico.<\/p>\n\n\n\n<h2 class=\"wp-block-heading\">Contacto:<\/h2>\n\n\n\n<p>Contacta conmigo ahora por correo electr\u00f3nico o LinkedIn.<\/p>\n\n\n\n<p>\ud83d\udce7 enric@ticdoc.net<\/p>\n\n\n\n<h2 class=\"wp-block-heading\">Redes sociales:<\/h2>\n\n\n\n<p>Puedes seguirme en las siguientes redes sociales. Con\u00e9ctate y descubre m\u00e1s sobre mis experiencias, ideas y pensamientos. \u00a1Espero verte all\u00ed!<\/p>\n\n\n\n<p>\u27a1\ufe0f <a href=\"https:\/\/www.linkedin.com\/in\/enricmestre\/\">S\u00edgueme en LinkedIn<\/a><br>\u27a1\ufe0f <a href=\"https:\/\/twitter.com\/enricmestre\">S\u00edgueme en Twitter<\/a><\/p>\n\n\n\n<h2 class=\"wp-block-heading\">Derechos de autor:<\/h2>\n\n\n\n<p>El contenido de este blog est\u00e1 sujeto a la licencia Reconocimiento 4.0 Internacional de Creative Commons, la cual permite compartir, copiar, distribuir, comunicar p\u00fablicamente y realizar obras derivadas, siempre que se reconozca y se atribuya cr\u00e9dito al autor original. Esta licencia proporciona una flexibilidad \u00fanica, fomentando la difusi\u00f3n y colaboraci\u00f3n, al tiempo que se mantiene el respeto por los derechos del autor. Estoy encantado de compartir este contenido contigo y con la comunidad, y te invito a explorar, aprender e inspirarte con las ideas que se presentan aqu\u00ed.<\/p>\n\n\n\n<br>\n<a rel=\"license\" href=\"http:\/\/creativecommons.org\/licenses\/by\/4.0\/\"><img decoding=\"async\" alt=\"Llic\u00e8ncia de Creative Commons\" style=\"border-width:0\" src=\"https:\/\/i.creativecommons.org\/l\/by\/4.0\/88x31.png\"><\/a><br>Aquesta obra est\u00e0 subjecta a una llic\u00e8ncia de <a rel=\"license\" href=\"http:\/\/creativecommons.org\/licenses\/by\/4.0\/\">Reconeixement 4.0 Internacional de Creative Commons<\/a>\n","protected":false},"excerpt":{"rendered":"<p>TicDoc, el blog personal de Enric Mestre i Ribera, vio la luz en 2012 con la misi\u00f3n de compartir no solo reflexiones, sino tambi\u00e9n noticias y manuales centrados en el \u00e1mbito de la tecnolog\u00eda y la Documentaci\u00f3n. Este espacio ofrece entradas que abordan una amplia variedad de temas, incluyendo documentaci\u00f3n, biblioteconom\u00eda, SEO, redes sociales, inteligencia [&hellip;]<\/p>\n","protected":false},"author":2,"featured_media":3753,"parent":0,"menu_order":0,"comment_status":"closed","ping_status":"closed","template":"","meta":{"footnotes":""},"class_list":["post-3773","page","type-page","status-publish","has-post-thumbnail","hentry"],"_links":{"self":[{"href":"https:\/\/www.ticdoc.net\/es\/wp-json\/wp\/v2\/pages\/3773","targetHints":{"allow":["GET"]}}],"collection":[{"href":"https:\/\/www.ticdoc.net\/es\/wp-json\/wp\/v2\/pages"}],"about":[{"href":"https:\/\/www.ticdoc.net\/es\/wp-json\/wp\/v2\/types\/page"}],"author":[{"embeddable":true,"href":"https:\/\/www.ticdoc.net\/es\/wp-json\/wp\/v2\/users\/2"}],"replies":[{"embeddable":true,"href":"https:\/\/www.ticdoc.net\/es\/wp-json\/wp\/v2\/comments?post=3773"}],"version-history":[{"count":2,"href":"https:\/\/www.ticdoc.net\/es\/wp-json\/wp\/v2\/pages\/3773\/revisions"}],"predecessor-version":[{"id":3779,"href":"https:\/\/www.ticdoc.net\/es\/wp-json\/wp\/v2\/pages\/3773\/revisions\/3779"}],"wp:featuredmedia":[{"embeddable":true,"href":"https:\/\/www.ticdoc.net\/es\/wp-json\/wp\/v2\/media\/3753"}],"wp:attachment":[{"href":"https:\/\/www.ticdoc.net\/es\/wp-json\/wp\/v2\/media?parent=3773"}],"curies":[{"name":"wp","href":"https:\/\/api.w.org\/{rel}","templated":true}]}}